{"id":714,"date":"2026-04-06T12:30:42","date_gmt":"2026-04-06T10:30:42","guid":{"rendered":"https:\/\/francaises-ethniques.com\/?page_id=714"},"modified":"2026-04-06T12:30:42","modified_gmt":"2026-04-06T10:30:42","slug":"mentions-legales","status":"publish","type":"page","link":"https:\/\/francaises-ethniques.com\/index.php\/mentions-legales\/","title":{"rendered":"mentions l\u00e9gales"},"content":{"rendered":"<h2 data-section-id=\"1p8jlsi\" data-start=\"378\" data-end=\"399\">1. \u00c9diteur du site<\/h2>\n<p data-start=\"401\" data-end=\"453\">Le site <strong data-start=\"409\" data-end=\"437\">francaises-ethniques.com<\/strong> est \u00e9dit\u00e9 par :<\/p>\n<p data-start=\"455\" data-end=\"697\"><strong data-start=\"455\" data-end=\"479\">Fran\u00e7aises Ethniques<\/strong><br data-start=\"479\" data-end=\"482\" \/>Association<\/p>\n<p data-start=\"455\" data-end=\"697\">Si\u00e8ge social : 150 rue du faubourg montm\u00e9lian 73000 Chamb\u00e9ry<\/p>\n<div class=\"lbl\">RNA : W732005747<\/div>\n<p data-start=\"455\" data-end=\"697\"><br data-start=\"648\" data-end=\"651\" \/>Email :francaisesethniques@gmail.com<br data-start=\"674\" data-end=\"677\" \/>T\u00e9l\u00e9phone : 0782492442<\/p>\n<h2 data-section-id=\"1v4i5g9\" data-start=\"822\" data-end=\"856\">2. Directrice de la publication<\/h2>\n<p data-start=\"858\" data-end=\"906\">Directrice de la publication : <strong data-start=\"889\" data-end=\"906\">Jessica Barre<\/strong><\/p>\n<h2 data-section-id=\"10basl5\" data-start=\"1058\" data-end=\"1091\">3. Responsable de la r\u00e9daction<\/h2>\n<p data-start=\"1093\" data-end=\"1146\">Responsable \u00e9ditorial \/ r\u00e9daction :<br data-start=\"1128\" data-end=\"1131\" \/>Jessica Barre<\/p>\n<h2 data-section-id=\"3xm32z\" data-start=\"1188\" data-end=\"1205\">4. H\u00e9bergement<\/h2>\n<p data-start=\"1207\" data-end=\"1232\">Le site est h\u00e9berg\u00e9 par :<\/p>\n<p data-start=\"1234\" data-end=\"1404\"><strong data-start=\"1234\" data-end=\"1275\"><span class=\"hover:entity-accent entity-underline inline cursor-pointer align-baseline\"><span class=\"whitespace-normal\">Hostinger<\/span><\/span><\/strong><br data-start=\"1275\" data-end=\"1278\" \/>Adresse : HOSTINGER INTERNATIONAL LTD, 61 Lordou Vironos Street, 6023 Larnaca, Chypre<br data-start=\"1363\" data-end=\"1366\" \/>Site web : <a class=\"decorated-link\" href=\"https:\/\/www.hostinger.com\" target=\"_new\" rel=\"noopener\" data-start=\"1377\" data-end=\"1402\">https:\/\/www.hostinger.com<\/a><\/p>\n<p data-start=\"1406\" data-end=\"1496\">\n<h2 data-section-id=\"axra8t\" data-start=\"1503\" data-end=\"1533\">5. Propri\u00e9t\u00e9 intellectuelle<\/h2>\n<p data-start=\"1535\" data-end=\"1692\">L\u2019ensemble du contenu du site (textes, images, vid\u00e9os, logo, identit\u00e9 visuelle) est la propri\u00e9t\u00e9 exclusive de Fran\u00e7aises Ethniques, sauf mentions contraires.<\/p>\n<p data-start=\"1694\" data-end=\"1859\">Toute reproduction, diffusion, modification, adaptation, retransmission ou publication, m\u00eame partielle, est strictement interdite sans autorisation \u00e9crite pr\u00e9alable.<\/p>\n<p data-start=\"1694\" data-end=\"1859\">\n<h2 data-section-id=\"1dxs50h\" data-start=\"1866\" data-end=\"1899\">6. Donn\u00e9es personnelles (RGPD)<\/h2>\n<p data-start=\"1901\" data-end=\"1990\">Les donn\u00e9es personnelles collect\u00e9es sur le site sont utilis\u00e9es uniquement dans le cadre :<\/p>\n<ul data-start=\"1992\" data-end=\"2107\">\n<li data-section-id=\"13q8pcx\" data-start=\"1992\" data-end=\"2026\">de la gestion des utilisateurs<\/li>\n<li data-section-id=\"15lk648\" data-start=\"2027\" data-end=\"2072\">de la communication (newsletter, contact)<\/li>\n<li data-section-id=\"1947cdc\" data-start=\"2073\" data-end=\"2107\">de l\u2019am\u00e9lioration des services<\/li>\n<\/ul>\n<p data-start=\"2109\" data-end=\"2170\">Conform\u00e9ment au <strong data-start=\"2125\" data-end=\"2133\">RGPD<\/strong>, vous disposez des droits suivants :<\/p>\n<ul data-start=\"2172\" data-end=\"2264\">\n<li data-section-id=\"1v4i4nf\" data-start=\"2172\" data-end=\"2189\">droit d\u2019acc\u00e8s<\/li>\n<li data-section-id=\"xanhyt\" data-start=\"2190\" data-end=\"2216\">droit de rectification<\/li>\n<li data-section-id=\"mo2y6s\" data-start=\"2217\" data-end=\"2241\">droit de suppression<\/li>\n<li data-section-id=\"wuv2l3\" data-start=\"2242\" data-end=\"2264\">droit d\u2019opposition<\/li>\n<\/ul>\n<p data-start=\"2266\" data-end=\"2310\">Pour exercer vos droits : [email de contact]<\/p>\n<h2 data-section-id=\"qodumj\" data-start=\"2440\" data-end=\"2453\">7. Cookies<\/h2>\n<p data-start=\"2455\" data-end=\"2495\">Le site peut utiliser des cookies pour :<\/p>\n<ul data-start=\"2497\" data-end=\"2589\">\n<li data-section-id=\"1y50ax8\" data-start=\"2497\" data-end=\"2535\">am\u00e9liorer l\u2019exp\u00e9rience utilisateur<\/li>\n<li data-section-id=\"1lvgs5x\" data-start=\"2536\" data-end=\"2558\">analyser le trafic<\/li>\n<li data-section-id=\"1dia972\" data-start=\"2559\" data-end=\"2589\">proposer du contenu adapt\u00e9<\/li>\n<\/ul>\n<p data-start=\"2591\" data-end=\"2657\">Un bandeau de consentement est affich\u00e9 lors de la premi\u00e8re visite.<\/p>\n<p data-start=\"2591\" data-end=\"2657\">\n<h2 data-section-id=\"ah946f\" data-start=\"2664\" data-end=\"2684\">8. Responsabilit\u00e9<\/h2>\n<p data-start=\"2686\" data-end=\"2822\">Fran\u00e7aises Ethniques s\u2019efforce de fournir une information fiable et actualis\u00e9e.<br data-start=\"2765\" data-end=\"2768\" \/>Cependant, le m\u00e9dia ne saurait \u00eatre tenu responsable :<\/p>\n<ul data-start=\"2824\" data-end=\"2950\">\n<li data-section-id=\"1qcxgkk\" data-start=\"2824\" data-end=\"2852\">des erreurs ou omissions<\/li>\n<li data-section-id=\"1r3pp4h\" data-start=\"2853\" data-end=\"2900\">des contenus externes accessibles via liens<\/li>\n<li data-section-id=\"1r4ow6i\" data-start=\"2901\" data-end=\"2950\">de l\u2019interpr\u00e9tation des informations publi\u00e9es<\/li>\n<\/ul>\n<h2 data-section-id=\"1lgsrb6\" data-start=\"2957\" data-end=\"3021\">9. Ligne \u00e9ditoriale<\/h2>\n<h4 data-section-id=\"1lgsrb6\" data-start=\"2957\" data-end=\"3021\">Fran\u00e7aises Ethniques est un m\u00e9dia digital engag\u00e9 qui valorise :<\/h4>\n<ul data-start=\"3088\" data-end=\"3213\">\n<li data-section-id=\"1d7sptz\" data-start=\"3088\" data-end=\"3115\">l&rsquo;interculturalit\u00e9<\/li>\n<li data-section-id=\"1vvyhdq\" data-start=\"3116\" data-end=\"3143\">les parcours inspirants<\/li>\n<li data-section-id=\"nhe29m\" data-start=\"3144\" data-end=\"3182\">les enjeux soci\u00e9taux contemporains<\/li>\n<li data-section-id=\"g99xky\" data-start=\"3183\" data-end=\"3213\">donne de la visibilit\u00e9 aux invisibles<\/li>\n<\/ul>\n<p data-start=\"3215\" data-end=\"3286\">Les contenus publi\u00e9s rel\u00e8vent d\u2019un travail journalistique et \u00e9ditorial.<\/p>\n<h2 data-section-id=\"1t1w5gj\" data-start=\"3293\" data-end=\"3316\">10. Droit applicable<\/h2>\n<p data-start=\"3318\" data-end=\"3423\">Le site est soumis au droit fran\u00e7ais.<br data-start=\"3355\" data-end=\"3358\" \/>En cas de litige, les tribunaux fran\u00e7ais seront seuls comp\u00e9tents.<\/p>\n","protected":false},"excerpt":{"rendered":"<p>1. \u00c9diteur du site Le site francaises-ethniques.com est \u00e9dit\u00e9 par : Fran\u00e7aises EthniquesAssociation Si\u00e8ge social : 150 rue du faubourg montm\u00e9lian 73000 Chamb\u00e9ry RNA : W732005747 Email :francaisesethniques@gmail.comT\u00e9l\u00e9phone : 0782492442 2. Directrice de la publication Directrice de la publication : Jessica Barre 3. Responsable de la r\u00e9daction Responsable \u00e9ditorial \/ r\u00e9daction :Jessica Barre 4. H\u00e9bergement [&hellip;]<\/p>\n","protected":false},"author":1,"featured_media":0,"parent":0,"menu_order":0,"comment_status":"closed","ping_status":"closed","template":"","meta":{"_seopress_robots_primary_cat":"","_seopress_titles_title":"","_seopress_titles_desc":"","_seopress_robots_index":"","ocean_post_layout":"","ocean_both_sidebars_style":"","ocean_both_sidebars_content_width":0,"ocean_both_sidebars_sidebars_width":0,"ocean_sidebar":"0","ocean_second_sidebar":"0","ocean_disable_margins":"enable","ocean_add_body_class":"","ocean_shortcode_before_top_bar":"","ocean_shortcode_after_top_bar":"","ocean_shortcode_before_header":"","ocean_shortcode_after_header":"","ocean_has_shortcode":"","ocean_shortcode_after_title":"","ocean_shortcode_before_footer_widgets":"","ocean_shortcode_after_footer_widgets":"","ocean_shortcode_before_footer_bottom":"","ocean_shortcode_after_footer_bottom":"","ocean_display_top_bar":"default","ocean_display_header":"default","ocean_header_style":"","ocean_center_header_left_menu":"0","ocean_custom_header_template":"0","ocean_custom_logo":0,"ocean_custom_retina_logo":0,"ocean_custom_logo_max_width":0,"ocean_custom_logo_tablet_max_width":0,"ocean_custom_logo_mobile_max_width":0,"ocean_custom_logo_max_height":0,"ocean_custom_logo_tablet_max_height":0,"ocean_custom_logo_mobile_max_height":0,"ocean_header_custom_menu":"0","ocean_menu_typo_font_family":"0","ocean_menu_typo_font_subset":"","ocean_menu_typo_font_size":0,"ocean_menu_typo_font_size_tablet":0,"ocean_menu_typo_font_size_mobile":0,"ocean_menu_typo_font_size_unit":"px","ocean_menu_typo_font_weight":"","ocean_menu_typo_font_weight_tablet":"","ocean_menu_typo_font_weight_mobile":"","ocean_menu_typo_transform":"","ocean_menu_typo_transform_tablet":"","ocean_menu_typo_transform_mobile":"","ocean_menu_typo_line_height":0,"ocean_menu_typo_line_height_tablet":0,"ocean_menu_typo_line_height_mobile":0,"ocean_menu_typo_line_height_unit":"","ocean_menu_typo_spacing":0,"ocean_menu_typo_spacing_tablet":0,"ocean_menu_typo_spacing_mobile":0,"ocean_menu_typo_spacing_unit":"","ocean_menu_link_color":"","ocean_menu_link_color_hover":"","ocean_menu_link_color_active":"","ocean_menu_link_background":"","ocean_menu_link_hover_background":"","ocean_menu_link_active_background":"","ocean_menu_social_links_bg":"","ocean_menu_social_hover_links_bg":"","ocean_menu_social_links_color":"","ocean_menu_social_hover_links_color":"","ocean_disable_title":"default","ocean_disable_heading":"default","ocean_post_title":"","ocean_post_subheading":"","ocean_post_title_style":"","ocean_post_title_background_color":"","ocean_post_title_background":0,"ocean_post_title_bg_image_position":"","ocean_post_title_bg_image_attachment":"","ocean_post_title_bg_image_repeat":"","ocean_post_title_bg_image_size":"","ocean_post_title_height":0,"ocean_post_title_bg_overlay":0.5,"ocean_post_title_bg_overlay_color":"","ocean_disable_breadcrumbs":"default","ocean_breadcrumbs_color":"","ocean_breadcrumbs_separator_color":"","ocean_breadcrumbs_links_color":"","ocean_breadcrumbs_links_hover_color":"","ocean_display_footer_widgets":"default","ocean_display_footer_bottom":"default","ocean_custom_footer_template":"0","omw_enable_modal_window":"enable","footnotes":""},"class_list":["post-714","page","type-page","status-publish","hentry","entry"],"jetpack_sharing_enabled":true,"_links":{"self":[{"href":"https:\/\/francaises-ethniques.com\/index.php\/wp-json\/wp\/v2\/pages\/714","targetHints":{"allow":["GET"]}}],"collection":[{"href":"https:\/\/francaises-ethniques.com\/index.php\/wp-json\/wp\/v2\/pages"}],"about":[{"href":"https:\/\/francaises-ethniques.com\/index.php\/wp-json\/wp\/v2\/types\/page"}],"author":[{"embeddable":true,"href":"https:\/\/francaises-ethniques.com\/index.php\/wp-json\/wp\/v2\/users\/1"}],"replies":[{"embeddable":true,"href":"https:\/\/francaises-ethniques.com\/index.php\/wp-json\/wp\/v2\/comments?post=714"}],"version-history":[{"count":2,"href":"https:\/\/francaises-ethniques.com\/index.php\/wp-json\/wp\/v2\/pages\/714\/revisions"}],"predecessor-version":[{"id":728,"href":"https:\/\/francaises-ethniques.com\/index.php\/wp-json\/wp\/v2\/pages\/714\/revisions\/728"}],"wp:attachment":[{"href":"https:\/\/francaises-ethniques.com\/index.php\/wp-json\/wp\/v2\/media?parent=714"}],"curies":[{"name":"wp","href":"https:\/\/api.w.org\/{rel}","templated":true}]}}